{"id":17023,"date":"2023-04-24T11:18:39","date_gmt":"2023-04-24T08:18:39","guid":{"rendered":"https:\/\/www.jameena.com\/product\/endustriyel-bar-taburesi\/"},"modified":"2024-06-12T14:40:36","modified_gmt":"2024-06-12T11:40:36","slug":"endustriyel-bar-taburesi","status":"publish","type":"product","link":"https:\/\/www.jameena.com\/tr\/urun\/endustriyel-bar-taburesi\/","title":{"rendered":"End\u00fcstriyel Bar Taburesi"},"content":{"rendered":"\t\t<div data-elementor-type=\"wp-post\" data-elementor-id=\"17023\" class=\"elementor elementor-17023 elementor-530\">\n\t\t\t\t<div class=\"wd-negative-gap elementor-element elementor-element-9a6fa80 e-flex e-con-boxed e-con e-parent\" data-id=\"9a6fa80\" data-element_type=\"container\">\n\t\t\t\t\t<div class=\"e-con-inner\">\n\t\t\t\t<div class=\"elementor-element elementor-element-bfe3ca5 elementor-widget elementor-widget-wd_text_block\" data-id=\"bfe3ca5\" data-element_type=\"widget\" data-widget_type=\"wd_text_block.default\">\n\t\t\t\t<div class=\"elementor-widget-container\">\n\t\t\t\t\t<div class=\"wd-text-block reset-last-child text-left\">\n\t\t\t\n\t\t\t<p class=\"p1\"><strong>Y\u00fckseklik:<\/strong> 68-76 cm<\/p><p class=\"p1\"><strong>Derinlik:<\/strong> 36 cm<\/p><p class=\"p1\"><strong>Koltuk: <\/strong>18 mm \/ \u00d8 31 mm mermer desenli<\/p><p class=\"p1\">Siyah boyal\u0131 MDF<\/p><p class=\"p1\"><strong>Ayaklar:<\/strong> 21*1,5 mm End\u00fcstriyel Boru<\/p><p class=\"p1\">Orta halka ba\u011flant\u0131s\u0131: 16*2 mm End\u00fcstriyel Boru<\/p><p class=\"p1\">Metal Par\u00e7alar: Mat Siyah Statik Boya<\/p>\n\t\t\t\t\t<\/div>\n\t\t\t\t<\/div>\n\t\t\t\t<\/div>\n\t\t\t\t\t<\/div>\n\t\t\t\t<\/div>\n\t\t\t\t<\/div>\n\t\t","protected":false},"excerpt":{"rendered":"<p>The compact and well-proportioned silhouette of both the seats and the small sofa, opens up to a new way of using the dining space: as a living room within the living room, a hybrid situation.<\/p>\n","protected":false},"featured_media":16643,"comment_status":"open","ping_status":"closed","template":"","meta":[],"product_cat":[142],"product_tag":[],"class_list":{"0":"post-17023","1":"product","2":"type-product","3":"status-publish","4":"has-post-thumbnail","6":"product_cat-mobilya","8":"first","9":"instock","10":"shipping-taxable","11":"purchasable","12":"product-type-simple"},"jetpack_sharing_enabled":true,"_links":{"self":[{"href":"https:\/\/www.jameena.com\/tr\/wp-json\/wp\/v2\/product\/17023","targetHints":{"allow":["GET"]}}],"collection":[{"href":"https:\/\/www.jameena.com\/tr\/wp-json\/wp\/v2\/product"}],"about":[{"href":"https:\/\/www.jameena.com\/tr\/wp-json\/wp\/v2\/types\/product"}],"replies":[{"embeddable":true,"href":"https:\/\/www.jameena.com\/tr\/wp-json\/wp\/v2\/comments?post=17023"}],"version-history":[{"count":1,"href":"https:\/\/www.jameena.com\/tr\/wp-json\/wp\/v2\/product\/17023\/revisions"}],"predecessor-version":[{"id":17024,"href":"https:\/\/www.jameena.com\/tr\/wp-json\/wp\/v2\/product\/17023\/revisions\/17024"}],"wp:featuredmedia":[{"embeddable":true,"href":"https:\/\/www.jameena.com\/tr\/wp-json\/wp\/v2\/media\/16643"}],"wp:attachment":[{"href":"https:\/\/www.jameena.com\/tr\/wp-json\/wp\/v2\/media?parent=17023"}],"wp:term":[{"taxonomy":"product_cat","embeddable":true,"href":"https:\/\/www.jameena.com\/tr\/wp-json\/wp\/v2\/product_cat?post=17023"},{"taxonomy":"product_tag","embeddable":true,"href":"https:\/\/www.jameena.com\/tr\/wp-json\/wp\/v2\/product_tag?post=17023"}],"curies":[{"name":"wp","href":"https:\/\/api.w.org\/{rel}","templated":true}]}}