{"id":17027,"date":"2023-04-24T11:13:03","date_gmt":"2023-04-24T08:13:03","guid":{"rendered":"https:\/\/www.jameena.com\/product\/blau-kahve-fincani\/"},"modified":"2024-06-03T10:31:09","modified_gmt":"2024-06-03T07:31:09","slug":"blau-kahve-fincani","status":"publish","type":"product","link":"https:\/\/www.jameena.com\/tr\/urun\/blau-kahve-fincani\/","title":{"rendered":"Blau Kahve Fincan\u0131"},"content":{"rendered":"\t\t<div data-elementor-type=\"wp-post\" data-elementor-id=\"17027\" class=\"elementor elementor-17027 elementor-515\">\n\t\t\t\t<div class=\"wd-negative-gap elementor-element elementor-element-d5f4ea8 e-flex e-con-boxed e-con e-parent\" data-id=\"d5f4ea8\" data-element_type=\"container\">\n\t\t\t\t\t<div class=\"e-con-inner\">\n\t\t\t\t<div class=\"elementor-element elementor-element-8d61105 elementor-widget elementor-widget-wd_text_block\" data-id=\"8d61105\" data-element_type=\"widget\" data-widget_type=\"wd_text_block.default\">\n\t\t\t\t<div class=\"elementor-widget-container\">\n\t\t\t\t\t<div class=\"wd-text-block reset-last-child text-left\">\n\t\t\t\n\t\t\t<p><strong>Size:<\/strong> 120 ml<\/p><p><br>Ceramic handmade coffee cup<\/p><p><br>Plate included<\/p><p><br>It is recommended not to put it in the dishwasher.<\/p><p><br>Since our products are completely handmade, each product comes out of the oven individually. Therefore, the pattern and color tone may vary slightly for each cup.<\/p>\n\t\t\t\t\t<\/div>\n\t\t\t\t<\/div>\n\t\t\t\t<\/div>\n\t\t\t\t\t<\/div>\n\t\t\t\t<\/div>\n\t\t\t\t<\/div>\n\t\t","protected":false},"excerpt":{"rendered":"<p>Jameena kahve fincanlar\u0131n\u0131n tamam\u0131 el yap\u0131m\u0131 olup hepsi f\u0131r\u0131na tek ba\u015f\u0131na girmektedir. Yani sat\u0131n ald\u0131\u011f\u0131n\u0131z t\u00fcm fincanlar\u0131 sizin i\u00e7in \u00f6zel olarak \u00fcretiyoruz.<\/p>\n","protected":false},"featured_media":16667,"comment_status":"open","ping_status":"closed","template":"","meta":[],"product_cat":[144],"product_tag":[],"class_list":{"0":"post-17027","1":"product","2":"type-product","3":"status-publish","4":"has-post-thumbnail","6":"product_cat-mutfak","8":"first","9":"instock","10":"shipping-taxable","11":"purchasable","12":"product-type-simple"},"jetpack_sharing_enabled":true,"_links":{"self":[{"href":"https:\/\/www.jameena.com\/tr\/wp-json\/wp\/v2\/product\/17027","targetHints":{"allow":["GET"]}}],"collection":[{"href":"https:\/\/www.jameena.com\/tr\/wp-json\/wp\/v2\/product"}],"about":[{"href":"https:\/\/www.jameena.com\/tr\/wp-json\/wp\/v2\/types\/product"}],"replies":[{"embeddable":true,"href":"https:\/\/www.jameena.com\/tr\/wp-json\/wp\/v2\/comments?post=17027"}],"version-history":[{"count":2,"href":"https:\/\/www.jameena.com\/tr\/wp-json\/wp\/v2\/product\/17027\/revisions"}],"predecessor-version":[{"id":17073,"href":"https:\/\/www.jameena.com\/tr\/wp-json\/wp\/v2\/product\/17027\/revisions\/17073"}],"wp:featuredmedia":[{"embeddable":true,"href":"https:\/\/www.jameena.com\/tr\/wp-json\/wp\/v2\/media\/16667"}],"wp:attachment":[{"href":"https:\/\/www.jameena.com\/tr\/wp-json\/wp\/v2\/media?parent=17027"}],"wp:term":[{"taxonomy":"product_cat","embeddable":true,"href":"https:\/\/www.jameena.com\/tr\/wp-json\/wp\/v2\/product_cat?post=17027"},{"taxonomy":"product_tag","embeddable":true,"href":"https:\/\/www.jameena.com\/tr\/wp-json\/wp\/v2\/product_tag?post=17027"}],"curies":[{"name":"wp","href":"https:\/\/api.w.org\/{rel}","templated":true}]}}