{"id":17031,"date":"2023-04-21T14:56:59","date_gmt":"2023-04-21T11:56:59","guid":{"rendered":"https:\/\/www.jameena.com\/product\/mira-kahve-kupasi\/"},"modified":"2024-06-03T10:36:00","modified_gmt":"2024-06-03T07:36:00","slug":"mira-kahve-kupasi","status":"publish","type":"product","link":"https:\/\/www.jameena.com\/tr\/urun\/mira-kahve-kupasi\/","title":{"rendered":"Mira Kahve Kupas\u0131"},"content":{"rendered":"\t\t<div data-elementor-type=\"wp-post\" data-elementor-id=\"17031\" class=\"elementor elementor-17031 elementor-444\">\n\t\t\t\t<div class=\"wd-negative-gap elementor-element elementor-element-9052449 e-flex e-con-boxed e-con e-parent\" data-id=\"9052449\" data-element_type=\"container\">\n\t\t\t\t\t<div class=\"e-con-inner\">\n\t\t\t\t<div class=\"elementor-element elementor-element-79f34d5 elementor-widget elementor-widget-wd_text_block\" data-id=\"79f34d5\" data-element_type=\"widget\" data-widget_type=\"wd_text_block.default\">\n\t\t\t\t<div class=\"elementor-widget-container\">\n\t\t\t\t\t<div class=\"wd-text-block reset-last-child text-left\">\n\t\t\t\n\t\t\t<p><strong>B\u00fcy\u00fckl\u00fck:<\/strong> 120 ml<\/p><p><br \/>Seramik el yap\u0131m\u0131 kahve fincan\u0131<\/p><p><br \/>Plaka dahil<\/p><p><br \/>Bula\u015f\u0131k makinesine konulmamas\u0131 tavsiye edilir.<\/p><p><br \/>\u00dcr\u00fcnlerimiz tamamen el yap\u0131m\u0131 oldu\u011fundan her \u00fcr\u00fcn f\u0131r\u0131ndan tek tek \u00e7\u0131kmaktad\u0131r. Bu nedenle her fincan i\u00e7in desen ve renk tonu biraz farkl\u0131l\u0131k g\u00f6sterebilir.<\/p>\n\t\t\t\t\t<\/div>\n\t\t\t\t<\/div>\n\t\t\t\t<\/div>\n\t\t\t\t\t<\/div>\n\t\t\t\t<\/div>\n\t\t\t\t<\/div>\n\t\t","protected":false},"excerpt":{"rendered":"<p>Jameena kahve fincanlar\u0131n\u0131n tamam\u0131 el yap\u0131m\u0131 olup hepsi f\u0131r\u0131na tek ba\u015f\u0131na girmektedir. Yani sat\u0131n ald\u0131\u011f\u0131n\u0131z t\u00fcm fincanlar\u0131 sizin i\u00e7in \u00f6zel olarak \u00fcretiyoruz.<\/p>\n","protected":false},"featured_media":16721,"comment_status":"open","ping_status":"closed","template":"","meta":[],"product_cat":[144],"product_tag":[],"class_list":{"0":"post-17031","1":"product","2":"type-product","3":"status-publish","4":"has-post-thumbnail","6":"product_cat-mutfak","8":"first","9":"instock","10":"shipping-taxable","11":"purchasable","12":"product-type-simple"},"jetpack_sharing_enabled":true,"_links":{"self":[{"href":"https:\/\/www.jameena.com\/tr\/wp-json\/wp\/v2\/product\/17031","targetHints":{"allow":["GET"]}}],"collection":[{"href":"https:\/\/www.jameena.com\/tr\/wp-json\/wp\/v2\/product"}],"about":[{"href":"https:\/\/www.jameena.com\/tr\/wp-json\/wp\/v2\/types\/product"}],"replies":[{"embeddable":true,"href":"https:\/\/www.jameena.com\/tr\/wp-json\/wp\/v2\/comments?post=17031"}],"version-history":[{"count":7,"href":"https:\/\/www.jameena.com\/tr\/wp-json\/wp\/v2\/product\/17031\/revisions"}],"predecessor-version":[{"id":17100,"href":"https:\/\/www.jameena.com\/tr\/wp-json\/wp\/v2\/product\/17031\/revisions\/17100"}],"wp:featuredmedia":[{"embeddable":true,"href":"https:\/\/www.jameena.com\/tr\/wp-json\/wp\/v2\/media\/16721"}],"wp:attachment":[{"href":"https:\/\/www.jameena.com\/tr\/wp-json\/wp\/v2\/media?parent=17031"}],"wp:term":[{"taxonomy":"product_cat","embeddable":true,"href":"https:\/\/www.jameena.com\/tr\/wp-json\/wp\/v2\/product_cat?post=17031"},{"taxonomy":"product_tag","embeddable":true,"href":"https:\/\/www.jameena.com\/tr\/wp-json\/wp\/v2\/product_tag?post=17031"}],"curies":[{"name":"wp","href":"https:\/\/api.w.org\/{rel}","templated":true}]}}