{"id":17045,"date":"2023-04-24T11:03:08","date_gmt":"2023-04-24T08:03:08","guid":{"rendered":"https:\/\/www.jameena.com\/product\/mood-berjer\/"},"modified":"2024-06-12T14:38:43","modified_gmt":"2024-06-12T11:38:43","slug":"mood-berjer","status":"publish","type":"product","link":"https:\/\/www.jameena.com\/tr\/urun\/mood-berjer\/","title":{"rendered":"Mood Berjer"},"content":{"rendered":"\t\t<div data-elementor-type=\"wp-post\" data-elementor-id=\"17045\" class=\"elementor elementor-17045 elementor-481\">\n\t\t\t\t\t\t<section class=\"wd-negative-gap elementor-section elementor-top-section elementor-element elementor-element-c937877 elementor-section-boxed elementor-section-height-default elementor-section-height-default\" data-id=\"c937877\" data-element_type=\"section\">\n\t\t\t\t\t\t<div class=\"elementor-container elementor-column-gap-default\">\n\t\t\t\t\t<div class=\"elementor-column elementor-col-100 elementor-top-column elementor-element elementor-element-b4e37de\" data-id=\"b4e37de\" data-element_type=\"column\">\n\t\t\t<div class=\"elementor-widget-wrap elementor-element-populated\">\n\t\t\t\t\t\t<div class=\"elementor-element elementor-element-ebf770c elementor-widget elementor-widget-wd_text_block\" data-id=\"ebf770c\" data-element_type=\"widget\" data-widget_type=\"wd_text_block.default\">\n\t\t\t\t<div class=\"elementor-widget-container\">\n\t\t\t\t\t<div class=\"wd-text-block reset-last-child text-left\">\n\t\t\t\n\t\t\t<div><strong>Y\u00fckseklik:<\/strong> 100 cm<\/div><div> <\/div><div><strong>Geni\u015flik:<\/strong> 78 cm<\/div><div> <\/div><div><strong>Derinlik:<\/strong> 60 cm<\/div><div> <\/div><div><strong>Ayaklar:<\/strong> Masif \u00e7am a\u011fac\u0131<\/div><div> <\/div><div>Keten Kuma\u015f<\/div><div> <\/div><div><strong>Stil:<\/strong> Modern<\/div>\n\t\t\t\t\t<\/div>\n\t\t\t\t<\/div>\n\t\t\t\t<\/div>\n\t\t\t\t\t<\/div>\n\t\t<\/div>\n\t\t\t\t\t<\/div>\n\t\t<\/section>\n\t\t\t\t<\/div>\n\t\t","protected":false},"excerpt":{"rendered":"<p>The compact and well-proportioned silhouette of both the seats and the small sofa, opens up to a new way of using the dining space: as a living room within the living room, a hybrid situation.<\/p>\n","protected":false},"featured_media":16607,"comment_status":"open","ping_status":"closed","template":"","meta":[],"product_cat":[81],"product_tag":[],"class_list":{"0":"post-17045","1":"product","2":"type-product","3":"status-publish","4":"has-post-thumbnail","6":"product_cat-berjer","8":"first","9":"instock","10":"shipping-taxable","11":"purchasable","12":"product-type-variable"},"jetpack_sharing_enabled":true,"_links":{"self":[{"href":"https:\/\/www.jameena.com\/tr\/wp-json\/wp\/v2\/product\/17045","targetHints":{"allow":["GET"]}}],"collection":[{"href":"https:\/\/www.jameena.com\/tr\/wp-json\/wp\/v2\/product"}],"about":[{"href":"https:\/\/www.jameena.com\/tr\/wp-json\/wp\/v2\/types\/product"}],"replies":[{"embeddable":true,"href":"https:\/\/www.jameena.com\/tr\/wp-json\/wp\/v2\/comments?post=17045"}],"version-history":[{"count":2,"href":"https:\/\/www.jameena.com\/tr\/wp-json\/wp\/v2\/product\/17045\/revisions"}],"predecessor-version":[{"id":17171,"href":"https:\/\/www.jameena.com\/tr\/wp-json\/wp\/v2\/product\/17045\/revisions\/17171"}],"wp:featuredmedia":[{"embeddable":true,"href":"https:\/\/www.jameena.com\/tr\/wp-json\/wp\/v2\/media\/16607"}],"wp:attachment":[{"href":"https:\/\/www.jameena.com\/tr\/wp-json\/wp\/v2\/media?parent=17045"}],"wp:term":[{"taxonomy":"product_cat","embeddable":true,"href":"https:\/\/www.jameena.com\/tr\/wp-json\/wp\/v2\/product_cat?post=17045"},{"taxonomy":"product_tag","embeddable":true,"href":"https:\/\/www.jameena.com\/tr\/wp-json\/wp\/v2\/product_tag?post=17045"}],"curies":[{"name":"wp","href":"https:\/\/api.w.org\/{rel}","templated":true}]}}