{"id":17049,"date":"2023-04-21T14:34:51","date_gmt":"2023-04-21T11:34:51","guid":{"rendered":"https:\/\/www.jameena.com\/product\/uclu-koltuk\/"},"modified":"2024-06-12T14:43:01","modified_gmt":"2024-06-12T11:43:01","slug":"uclu-koltuk","status":"publish","type":"product","link":"https:\/\/www.jameena.com\/tr\/urun\/uclu-koltuk\/","title":{"rendered":"\u00dc\u00e7l\u00fc Koltuk"},"content":{"rendered":"\t\t<div data-elementor-type=\"wp-post\" data-elementor-id=\"17049\" class=\"elementor elementor-17049 elementor-395\">\n\t\t\t\t\t\t<section class=\"wd-negative-gap elementor-section elementor-top-section elementor-element elementor-element-c937877 elementor-section-boxed elementor-section-height-default elementor-section-height-default\" data-id=\"c937877\" data-element_type=\"section\">\n\t\t\t\t\t\t<div class=\"elementor-container elementor-column-gap-default\">\n\t\t\t\t\t<div class=\"elementor-column elementor-col-100 elementor-top-column elementor-element elementor-element-b4e37de\" data-id=\"b4e37de\" data-element_type=\"column\">\n\t\t\t<div class=\"elementor-widget-wrap elementor-element-populated\">\n\t\t\t\t\t\t<div class=\"elementor-element elementor-element-ebf770c elementor-widget elementor-widget-wd_text_block\" data-id=\"ebf770c\" data-element_type=\"widget\" data-widget_type=\"wd_text_block.default\">\n\t\t\t\t<div class=\"elementor-widget-container\">\n\t\t\t\t\t<div class=\"wd-text-block reset-last-child text-left\">\n\t\t\t\n\t\t\t<p>Orta Yo\u011funluklu Elyaflar MDF<br><br>Sunta E0<\/p><p>D\u00f6\u015femeli<\/p><p>\u00c7am a\u011fac\u0131 (Pinus pinaster)<\/p><p>Dokuma Ayak malzemesi: Kay\u0131n a\u011fac\u0131<\/p>\n\t\t\t\t\t<\/div>\n\t\t\t\t<\/div>\n\t\t\t\t<\/div>\n\t\t\t\t\t<\/div>\n\t\t<\/div>\n\t\t\t\t\t<\/div>\n\t\t<\/section>\n\t\t\t\t<\/div>\n\t\t","protected":false},"excerpt":{"rendered":"<p>The slender organic forms are fluid and graceful.\u200e Noguchi emphasises the lightness of the elements with thin yet comfortable upholstery and a choice of cover fabrics in natural colours.<\/p>\n","protected":false},"featured_media":16615,"comment_status":"open","ping_status":"closed","template":"","meta":[],"product_cat":[145],"product_tag":[],"class_list":{"0":"post-17049","1":"product","2":"type-product","3":"status-publish","4":"has-post-thumbnail","6":"product_cat-koltuk","8":"first","9":"instock","10":"shipping-taxable","11":"purchasable","12":"product-type-simple"},"jetpack_sharing_enabled":true,"_links":{"self":[{"href":"https:\/\/www.jameena.com\/tr\/wp-json\/wp\/v2\/product\/17049","targetHints":{"allow":["GET"]}}],"collection":[{"href":"https:\/\/www.jameena.com\/tr\/wp-json\/wp\/v2\/product"}],"about":[{"href":"https:\/\/www.jameena.com\/tr\/wp-json\/wp\/v2\/types\/product"}],"replies":[{"embeddable":true,"href":"https:\/\/www.jameena.com\/tr\/wp-json\/wp\/v2\/comments?post=17049"}],"version-history":[{"count":2,"href":"https:\/\/www.jameena.com\/tr\/wp-json\/wp\/v2\/product\/17049\/revisions"}],"predecessor-version":[{"id":17176,"href":"https:\/\/www.jameena.com\/tr\/wp-json\/wp\/v2\/product\/17049\/revisions\/17176"}],"wp:featuredmedia":[{"embeddable":true,"href":"https:\/\/www.jameena.com\/tr\/wp-json\/wp\/v2\/media\/16615"}],"wp:attachment":[{"href":"https:\/\/www.jameena.com\/tr\/wp-json\/wp\/v2\/media?parent=17049"}],"wp:term":[{"taxonomy":"product_cat","embeddable":true,"href":"https:\/\/www.jameena.com\/tr\/wp-json\/wp\/v2\/product_cat?post=17049"},{"taxonomy":"product_tag","embeddable":true,"href":"https:\/\/www.jameena.com\/tr\/wp-json\/wp\/v2\/product_tag?post=17049"}],"curies":[{"name":"wp","href":"https:\/\/api.w.org\/{rel}","templated":true}]}}