{"id":17056,"date":"2023-04-21T14:33:43","date_gmt":"2023-04-21T11:33:43","guid":{"rendered":"https:\/\/www.jameena.com\/product\/gri-kahve-fincani\/"},"modified":"2024-06-03T10:31:54","modified_gmt":"2024-06-03T07:31:54","slug":"gri-kahve-fincani","status":"publish","type":"product","link":"https:\/\/www.jameena.com\/tr\/urun\/gri-kahve-fincani\/","title":{"rendered":"Gri Kahve Fincan\u0131"},"content":{"rendered":"\t\t<div data-elementor-type=\"wp-post\" data-elementor-id=\"17056\" class=\"elementor elementor-17056 elementor-392\">\n\t\t\t\t\t\t<section class=\"wd-negative-gap elementor-section elementor-top-section elementor-element elementor-element-c937877 elementor-section-boxed elementor-section-height-default elementor-section-height-default\" data-id=\"c937877\" data-element_type=\"section\">\n\t\t\t\t\t\t<div class=\"elementor-container elementor-column-gap-default\">\n\t\t\t\t\t<div class=\"elementor-column elementor-col-100 elementor-top-column elementor-element elementor-element-b4e37de\" data-id=\"b4e37de\" data-element_type=\"column\">\n\t\t\t<div class=\"elementor-widget-wrap elementor-element-populated\">\n\t\t\t\t\t\t<div class=\"elementor-element elementor-element-ebf770c elementor-widget elementor-widget-wd_text_block\" data-id=\"ebf770c\" data-element_type=\"widget\" data-widget_type=\"wd_text_block.default\">\n\t\t\t\t<div class=\"elementor-widget-container\">\n\t\t\t\t\t<div class=\"wd-text-block reset-last-child text-left\">\n\t\t\t\n\t\t\t<p><strong>B\u00fcy\u00fckl\u00fck:<\/strong> 120 ml<\/p><p><br>Seramik el yap\u0131m\u0131 kahve fincan\u0131<\/p><p><br>Plaka dahil<\/p><p><br>Bula\u015f\u0131k makinesine konulmamas\u0131 tavsiye edilir.<\/p><p><br>\u00dcr\u00fcnlerimiz tamamen el yap\u0131m\u0131 oldu\u011fundan her \u00fcr\u00fcn f\u0131r\u0131ndan tek tek \u00e7\u0131kmaktad\u0131r. Bu nedenle her fincan i\u00e7in desen ve renk tonu biraz farkl\u0131l\u0131k g\u00f6sterebilir.<\/p>\n\t\t\t\t\t<\/div>\n\t\t\t\t<\/div>\n\t\t\t\t<\/div>\n\t\t\t\t\t<\/div>\n\t\t<\/div>\n\t\t\t\t\t<\/div>\n\t\t<\/section>\n\t\t\t\t<\/div>\n\t\t","protected":false},"excerpt":{"rendered":"<p>Jameena kahve fincanlar\u0131n\u0131n tamam\u0131 el yap\u0131m\u0131 olup hepsi f\u0131r\u0131na tek ba\u015f\u0131na girmektedir. Yani sat\u0131n ald\u0131\u011f\u0131n\u0131z t\u00fcm fincanlar\u0131 sizin i\u00e7in \u00f6zel olarak \u00fcretiyoruz.<\/p>\n","protected":false},"featured_media":16742,"comment_status":"open","ping_status":"closed","template":"","meta":[],"product_cat":[144],"product_tag":[],"class_list":{"0":"post-17056","1":"product","2":"type-product","3":"status-publish","4":"has-post-thumbnail","6":"product_cat-mutfak","8":"first","9":"instock","10":"shipping-taxable","11":"purchasable","12":"product-type-simple"},"jetpack_sharing_enabled":true,"_links":{"self":[{"href":"https:\/\/www.jameena.com\/tr\/wp-json\/wp\/v2\/product\/17056","targetHints":{"allow":["GET"]}}],"collection":[{"href":"https:\/\/www.jameena.com\/tr\/wp-json\/wp\/v2\/product"}],"about":[{"href":"https:\/\/www.jameena.com\/tr\/wp-json\/wp\/v2\/types\/product"}],"replies":[{"embeddable":true,"href":"https:\/\/www.jameena.com\/tr\/wp-json\/wp\/v2\/comments?post=17056"}],"version-history":[{"count":2,"href":"https:\/\/www.jameena.com\/tr\/wp-json\/wp\/v2\/product\/17056\/revisions"}],"predecessor-version":[{"id":17080,"href":"https:\/\/www.jameena.com\/tr\/wp-json\/wp\/v2\/product\/17056\/revisions\/17080"}],"wp:featuredmedia":[{"embeddable":true,"href":"https:\/\/www.jameena.com\/tr\/wp-json\/wp\/v2\/media\/16742"}],"wp:attachment":[{"href":"https:\/\/www.jameena.com\/tr\/wp-json\/wp\/v2\/media?parent=17056"}],"wp:term":[{"taxonomy":"product_cat","embeddable":true,"href":"https:\/\/www.jameena.com\/tr\/wp-json\/wp\/v2\/product_cat?post=17056"},{"taxonomy":"product_tag","embeddable":true,"href":"https:\/\/www.jameena.com\/tr\/wp-json\/wp\/v2\/product_tag?post=17056"}],"curies":[{"name":"wp","href":"https:\/\/api.w.org\/{rel}","templated":true}]}}